{"id":1469,"date":"2025-04-16T17:27:04","date_gmt":"2025-04-16T15:27:04","guid":{"rendered":"https:\/\/muctours.de\/heyminga-touren\/"},"modified":"2025-04-23T16:18:38","modified_gmt":"2025-04-23T14:18:38","slug":"heyminga-touren","status":"publish","type":"page","link":"https:\/\/muctours.de\/en\/heyminga-touren\/","title":{"rendered":"HeyMinga-Touren"},"content":{"rendered":"\n<div style=\"height:32px\" aria-hidden=\"true\" class=\"wp-block-spacer\"><\/div>\n\n\n\n<h1 class=\"wp-block-heading\" id=\"byebye-heyminga-servus-muctours\">Byebye HeyMinga \u2013 Servus MucTours!<\/h1>\n\n\n\n<blockquote class=\"wp-block-quote is-layout-flow wp-block-quote-is-layout-flow\">\n<h2 class=\"wp-block-heading\" id=\"heyminga-hat-goodbye-minga-gesagt-wir-sagen-danke-und-machen-munter-weiter\">HeyMinga hat Goodbye Minga gesagt, wir sagen danke und machen munter weiter!<\/h2>\n<\/blockquote>\n\n\n\n<h3 class=\"wp-block-heading\" id=\"die-stadtrundfahrten-von-heyminga-gibt-es-nicht-mehr-aber-muctours-bietet-ganz-ahnliche-touren-uberwiegend-zu-fuss-und-per-e-bike-an\">DIE STADTRUNDFAHRTEN VON HEYMINGA GIBT ES NICHT MEHR,<br>ABER MUCTOURS BIETET GANZ \u00c4HNLICHE TOUREN, \u00dcBERWIEGEND ZU FUSS UND PER E-BIKE AN.<\/h3>\n\n\n\n<figure class=\"wp-block-image\"><img loading=\"lazy\" decoding=\"async\" width=\"1280\" height=\"408\" src=\"https:\/\/muctours.de\/wp-content\/uploads\/2025\/04\/heyminga-goes-muctours.webp\" alt=\"HeyMinga goes MucTours\" class=\"wp-image-1259\" srcset=\"https:\/\/muctours.de\/wp-content\/uploads\/2025\/04\/heyminga-goes-muctours.webp 1280w, https:\/\/muctours.de\/wp-content\/uploads\/2025\/04\/heyminga-goes-muctours-300x96.webp 300w, https:\/\/muctours.de\/wp-content\/uploads\/2025\/04\/heyminga-goes-muctours-1024x326.webp 1024w, https:\/\/muctours.de\/wp-content\/uploads\/2025\/04\/heyminga-goes-muctours-768x245.webp 768w\" sizes=\"auto, (max-width: 1280px) 100vw, 1280px\" \/><\/figure>\n\n\n\n<div style=\"height:30px\" aria-hidden=\"true\" class=\"wp-block-spacer\"><\/div>\n\n\n\n<div class=\"wp-block-columns is-layout-flex wp-container-core-columns-is-layout-9d6595d7 wp-block-columns-is-layout-flex\">\n<div class=\"wp-block-column is-layout-flow wp-block-column-is-layout-flow\">\n<p style=\"font-size:18px\">MucTours ist wie HeyMinga ein au\u00dfergew\u00f6hnlicher Stadtf\u00fchrerservice in M\u00fcnchen, der alternative Stadtf\u00fchrungen anbietet. Im Gegensatz zu herk\u00f6mmlichen Sightseeing-Touren sind die Erlebnisse mit unseren Stadtentdeckern mit am\u00fcsanten Geschichten und pers\u00f6nlichen Erfahrungen gespickt. Sie wissen Abseitiges und Spannendes zu den M\u00fcnchner Stadtvierteln zu erz\u00e4hlen und zeigen euch Locations, die in kaum einem Guide zu finden sind.<br>Gastronomische Zwischenstopps z\u00e4hlen bei MucTours zum Goldstandard, ein oder zwei Getr\u00e4nke sind also inklusive. Ob zu Fu\u00df, mit dem E-Bike oder unserem Bulli (nur auf Anfrage), wir zeigen euch die Stadt aus unserer Perspektive auf unterhaltsame und spannende Weise.<\/p>\n<\/div>\n\n\n\n<div class=\"wp-block-column is-layout-flow wp-block-column-is-layout-flow\">\n<p style=\"font-size:18px\">MucTours ist auf Themen-Touren in ganz M\u00fcnchen spezialisiert, die mit Musik und kulinarischen Freuden zu tun haben. Zwei Bereiche, die von vornherein positive Vibes in sich tragen. Unsere Touren sind zwar f\u00fcr Privatkunden konzipiert, funktionieren aber genauso gut auch f\u00fcr kleine Firmen oder Abteilungen von gr\u00f6\u00dferen Unternehmen. Ihr k\u00f6nnt uns also gern kontaktieren, wenn ihr auf der Suche nach ma\u00dfgeschneiderte Incentives und Firmenevents seid.<\/p>\n\n\n\n<div class=\"wp-block-buttons is-layout-flex wp-block-buttons-is-layout-flex\">\n<div class=\"wp-block-button\"><a class=\"wp-block-button__link has-background-color has-secondary-background-color has-text-color has-background has-link-color wp-element-button\" href=\"https:\/\/muctours.de\/en\/company-incentives\/\" style=\"border-radius:21px\"><strong>Firmen-Incentive by MucTours<\/strong><\/a><\/div>\n<\/div>\n<\/div>\n<\/div>\n\n\n\n<div style=\"height:100px\" aria-hidden=\"true\" class=\"wp-block-spacer\"><\/div>\n","protected":false},"excerpt":{"rendered":"<p>Byebye HeyMinga \u2013 Servus MucTours! HeyMinga hat Goodbye Minga gesagt, wir sagen danke und machen munter weiter! DIE STADTRUNDFAHRTEN VON HEYMINGA GIBT ES NICHT MEHR,ABER MUCTOURS BIETET GANZ \u00c4HNLICHE TOUREN, \u00dcBERWIEGEND ZU FUSS UND PER E-BIKE AN. MucTours ist wie HeyMinga ein au\u00dfergew\u00f6hnlicher Stadtf\u00fchrerservice in M\u00fcnchen, der alternative Stadtf\u00fchrungen anbietet. Im Gegensatz zu herk\u00f6mmlichen Sightseeing-Touren<a href=\"https:\/\/muctours.de\/en\/heyminga-touren\/\">Continue reading <span class=\"sr-only\">&#8220;HeyMinga-Touren&#8221;<\/span><\/a><\/p>\n","protected":false},"author":2,"featured_media":0,"parent":0,"menu_order":0,"comment_status":"closed","ping_status":"closed","template":"","meta":{"_acf_changed":false,"ghostkit_customizer_options":"","ghostkit_custom_css":"","ghostkit_custom_js_head":"","ghostkit_custom_js_foot":"","ghostkit_typography":"","footnotes":""},"class_list":["post-1469","page","type-page","status-publish","hentry"],"acf":[],"yoast_head":"<!-- This site is optimized with the Yoast SEO plugin v27.5 - https:\/\/yoast.com\/product\/yoast-seo-wordpress\/ -->\n<title>HeyMinga-Touren - MucTours \u2013 Your local Guides<\/title>\n<meta name=\"robots\" content=\"index, follow, max-snippet:-1, max-image-preview:large, max-video-preview:-1\" \/>\n<link rel=\"canonical\" href=\"https:\/\/muctours.de\/heyminga-touren\/\" \/>\n<meta property=\"og:locale\" content=\"en_US\" \/>\n<meta property=\"og:type\" content=\"article\" \/>\n<meta property=\"og:title\" content=\"HeyMinga-Touren - MucTours \u2013 Your local Guides\" \/>\n<meta property=\"og:description\" content=\"Byebye HeyMinga \u2013 Servus MucTours! HeyMinga hat Goodbye Minga gesagt, wir sagen danke und machen munter weiter! DIE STADTRUNDFAHRTEN VON HEYMINGA GIBT ES NICHT MEHR,ABER MUCTOURS BIETET GANZ \u00c4HNLICHE TOUREN, \u00dcBERWIEGEND ZU FUSS UND PER E-BIKE AN. MucTours ist wie HeyMinga ein au\u00dfergew\u00f6hnlicher Stadtf\u00fchrerservice in M\u00fcnchen, der alternative Stadtf\u00fchrungen anbietet. Im Gegensatz zu herk\u00f6mmlichen Sightseeing-TourenContinue reading &quot;HeyMinga-Touren&quot;\" \/>\n<meta property=\"og:url\" content=\"https:\/\/muctours.de\/heyminga-touren\/\" \/>\n<meta property=\"og:site_name\" content=\"MucTours \u2013 Your local Guides\" \/>\n<meta property=\"article:modified_time\" content=\"2025-04-23T14:18:38+00:00\" \/>\n<meta property=\"og:image\" content=\"https:\/\/muctours.de\/wp-content\/uploads\/2025\/04\/heyminga-goes-muctours.webp\" \/>\n\t<meta property=\"og:image:width\" content=\"1280\" \/>\n\t<meta property=\"og:image:height\" content=\"408\" \/>\n\t<meta property=\"og:image:type\" content=\"image\/webp\" \/>\n<meta name=\"twitter:card\" content=\"summary_large_image\" \/>\n<meta name=\"twitter:label1\" content=\"Est. reading time\" \/>\n\t<meta name=\"twitter:data1\" content=\"1 minute\" \/>\n<script type=\"application\/ld+json\" class=\"yoast-schema-graph\">{\"@context\":\"https:\\\/\\\/schema.org\",\"@graph\":[{\"@type\":\"WebPage\",\"@id\":\"https:\\\/\\\/muctours.de\\\/heyminga-touren\\\/\",\"url\":\"https:\\\/\\\/muctours.de\\\/heyminga-touren\\\/\",\"name\":\"HeyMinga-Touren - MucTours \u2013 Your local Guides\",\"isPartOf\":{\"@id\":\"https:\\\/\\\/muctours.de\\\/#website\"},\"primaryImageOfPage\":{\"@id\":\"https:\\\/\\\/muctours.de\\\/heyminga-touren\\\/#primaryimage\"},\"image\":{\"@id\":\"https:\\\/\\\/muctours.de\\\/heyminga-touren\\\/#primaryimage\"},\"thumbnailUrl\":\"https:\\\/\\\/muctours.de\\\/wp-content\\\/uploads\\\/2025\\\/04\\\/heyminga-goes-muctours.webp\",\"datePublished\":\"2025-04-16T15:27:04+00:00\",\"dateModified\":\"2025-04-23T14:18:38+00:00\",\"breadcrumb\":{\"@id\":\"https:\\\/\\\/muctours.de\\\/heyminga-touren\\\/#breadcrumb\"},\"inLanguage\":\"en-US\",\"potentialAction\":[{\"@type\":\"ReadAction\",\"target\":[\"https:\\\/\\\/muctours.de\\\/heyminga-touren\\\/\"]}]},{\"@type\":\"ImageObject\",\"inLanguage\":\"en-US\",\"@id\":\"https:\\\/\\\/muctours.de\\\/heyminga-touren\\\/#primaryimage\",\"url\":\"https:\\\/\\\/muctours.de\\\/wp-content\\\/uploads\\\/2025\\\/04\\\/heyminga-goes-muctours.webp\",\"contentUrl\":\"https:\\\/\\\/muctours.de\\\/wp-content\\\/uploads\\\/2025\\\/04\\\/heyminga-goes-muctours.webp\"},{\"@type\":\"BreadcrumbList\",\"@id\":\"https:\\\/\\\/muctours.de\\\/heyminga-touren\\\/#breadcrumb\",\"itemListElement\":[{\"@type\":\"ListItem\",\"position\":1,\"name\":\"Startseite\",\"item\":\"https:\\\/\\\/muctours.de\\\/en\\\/\"},{\"@type\":\"ListItem\",\"position\":2,\"name\":\"HeyMinga-Touren\"}]},{\"@type\":\"WebSite\",\"@id\":\"https:\\\/\\\/muctours.de\\\/#website\",\"url\":\"https:\\\/\\\/muctours.de\\\/\",\"name\":\"MucTours \u2013 Your local Guides\",\"description\":\"Erlebnistouren mit Deinen Stadtentdeckern aus M\u00fcnchen\",\"potentialAction\":[{\"@type\":\"SearchAction\",\"target\":{\"@type\":\"EntryPoint\",\"urlTemplate\":\"https:\\\/\\\/muctours.de\\\/?s={search_term_string}\"},\"query-input\":{\"@type\":\"PropertyValueSpecification\",\"valueRequired\":true,\"valueName\":\"search_term_string\"}}],\"inLanguage\":\"en-US\"}]}<\/script>\n<!-- \/ Yoast SEO plugin. -->","yoast_head_json":{"title":"HeyMinga-Touren - MucTours \u2013 Your local Guides","robots":{"index":"index","follow":"follow","max-snippet":"max-snippet:-1","max-image-preview":"max-image-preview:large","max-video-preview":"max-video-preview:-1"},"canonical":"https:\/\/muctours.de\/heyminga-touren\/","og_locale":"en_US","og_type":"article","og_title":"HeyMinga-Touren - MucTours \u2013 Your local Guides","og_description":"Byebye HeyMinga \u2013 Servus MucTours! HeyMinga hat Goodbye Minga gesagt, wir sagen danke und machen munter weiter! DIE STADTRUNDFAHRTEN VON HEYMINGA GIBT ES NICHT MEHR,ABER MUCTOURS BIETET GANZ \u00c4HNLICHE TOUREN, \u00dcBERWIEGEND ZU FUSS UND PER E-BIKE AN. MucTours ist wie HeyMinga ein au\u00dfergew\u00f6hnlicher Stadtf\u00fchrerservice in M\u00fcnchen, der alternative Stadtf\u00fchrungen anbietet. Im Gegensatz zu herk\u00f6mmlichen Sightseeing-TourenContinue reading \"HeyMinga-Touren\"","og_url":"https:\/\/muctours.de\/heyminga-touren\/","og_site_name":"MucTours \u2013 Your local Guides","article_modified_time":"2025-04-23T14:18:38+00:00","og_image":[{"width":1280,"height":408,"url":"https:\/\/muctours.de\/wp-content\/uploads\/2025\/04\/heyminga-goes-muctours.webp","type":"image\/webp"}],"twitter_card":"summary_large_image","twitter_misc":{"Est. reading time":"1 minute"},"schema":{"@context":"https:\/\/schema.org","@graph":[{"@type":"WebPage","@id":"https:\/\/muctours.de\/heyminga-touren\/","url":"https:\/\/muctours.de\/heyminga-touren\/","name":"HeyMinga-Touren - MucTours \u2013 Your local Guides","isPartOf":{"@id":"https:\/\/muctours.de\/#website"},"primaryImageOfPage":{"@id":"https:\/\/muctours.de\/heyminga-touren\/#primaryimage"},"image":{"@id":"https:\/\/muctours.de\/heyminga-touren\/#primaryimage"},"thumbnailUrl":"https:\/\/muctours.de\/wp-content\/uploads\/2025\/04\/heyminga-goes-muctours.webp","datePublished":"2025-04-16T15:27:04+00:00","dateModified":"2025-04-23T14:18:38+00:00","breadcrumb":{"@id":"https:\/\/muctours.de\/heyminga-touren\/#breadcrumb"},"inLanguage":"en-US","potentialAction":[{"@type":"ReadAction","target":["https:\/\/muctours.de\/heyminga-touren\/"]}]},{"@type":"ImageObject","inLanguage":"en-US","@id":"https:\/\/muctours.de\/heyminga-touren\/#primaryimage","url":"https:\/\/muctours.de\/wp-content\/uploads\/2025\/04\/heyminga-goes-muctours.webp","contentUrl":"https:\/\/muctours.de\/wp-content\/uploads\/2025\/04\/heyminga-goes-muctours.webp"},{"@type":"BreadcrumbList","@id":"https:\/\/muctours.de\/heyminga-touren\/#breadcrumb","itemListElement":[{"@type":"ListItem","position":1,"name":"Startseite","item":"https:\/\/muctours.de\/en\/"},{"@type":"ListItem","position":2,"name":"HeyMinga-Touren"}]},{"@type":"WebSite","@id":"https:\/\/muctours.de\/#website","url":"https:\/\/muctours.de\/","name":"MucTours \u2013 Your local Guides","description":"Erlebnistouren mit Deinen Stadtentdeckern aus M\u00fcnchen","potentialAction":[{"@type":"SearchAction","target":{"@type":"EntryPoint","urlTemplate":"https:\/\/muctours.de\/?s={search_term_string}"},"query-input":{"@type":"PropertyValueSpecification","valueRequired":true,"valueName":"search_term_string"}}],"inLanguage":"en-US"}]}},"_links":{"self":[{"href":"https:\/\/muctours.de\/en\/wp-json\/wp\/v2\/pages\/1469","targetHints":{"allow":["GET"]}}],"collection":[{"href":"https:\/\/muctours.de\/en\/wp-json\/wp\/v2\/pages"}],"about":[{"href":"https:\/\/muctours.de\/en\/wp-json\/wp\/v2\/types\/page"}],"author":[{"embeddable":true,"href":"https:\/\/muctours.de\/en\/wp-json\/wp\/v2\/users\/2"}],"replies":[{"embeddable":true,"href":"https:\/\/muctours.de\/en\/wp-json\/wp\/v2\/comments?post=1469"}],"version-history":[{"count":0,"href":"https:\/\/muctours.de\/en\/wp-json\/wp\/v2\/pages\/1469\/revisions"}],"wp:attachment":[{"href":"https:\/\/muctours.de\/en\/wp-json\/wp\/v2\/media?parent=1469"}],"curies":[{"name":"wp","href":"https:\/\/api.w.org\/{rel}","templated":true}]}}