{"id":1430,"date":"2025-04-09T11:19:48","date_gmt":"2025-04-09T09:19:48","guid":{"rendered":"https:\/\/muctours.de\/tours\/"},"modified":"2025-04-23T15:31:54","modified_gmt":"2025-04-23T13:31:54","slug":"tours","status":"publish","type":"page","link":"https:\/\/muctours.de\/en\/tours\/","title":{"rendered":"Tours"},"content":{"rendered":"\n<div style=\"height:32px\" aria-hidden=\"true\" class=\"wp-block-spacer\"><\/div>\n\n<h3 class=\"wp-block-heading has-text-align-center has-secondary-color has-text-color has-link-color has-pacifico-font-family has-large-font-size wp-elements-c3b87f7e1b6abd7a059b3484f3adbc7f\" id=\"finde-deine-lieblingstour\">Find your favorite tour<\/h3>\n\n<h2 class=\"wp-block-heading has-text-align-center\" id=\"entdeckt-munchen-mit-uns\">DISCOVER MUNICH WITH US<\/h2>\n<div class=\"lazyblock-tour-posts-WvfaM wp-block-lazyblock-tour-posts\">\n\t\t<div class=\"grid grid-cols-1 sm:grid-cols-2 lg:grid-cols-3 gap-8\">\n\t\t\t\t<a class=\"no-underline\" href=\"https:\/\/muctours.de\/en\/tour\/beer-tour-munich-old-town-oktoberfest\/\">\n\t\t\t\t\t<article class=\"group mx-auto flex h-full flex-col overflow-hidden rounded-md\">\n\t\t\t\t\t\t\t<div class=\"h-44 overflow-hidden md:h-64\">\n\t\t\t\t\t\t\t\t<img loading=\"lazy\" decoding=\"async\" width=\"225\" height=\"300\" src=\"https:\/\/muctours.de\/wp-content\/uploads\/2025\/01\/biertour-biermuseum-scaled-1-225x300.jpg\" class=\"m-0 size-full object-cover transition duration-700 ease-out group-hover:scale-105\" alt=\"Munich Beer Tour - Biertour durch die M\u00fcnchner Innenstadt\" srcset=\"https:\/\/muctours.de\/wp-content\/uploads\/2025\/01\/biertour-biermuseum-scaled-1-225x300.jpg 225w, https:\/\/muctours.de\/wp-content\/uploads\/2025\/01\/biertour-biermuseum-scaled-1.jpg 768w\" sizes=\"auto, (max-width: 225px) 100vw, 225px\" \/>\t\t\t\t\t\t\t<\/div>\n\t\t\t\t\t\t<div class=\"grow p-6 bg-card-background\">\n\t\t\t\t\t\t\t<h3 class=\"m-0 text-center\">Beer Tour Munich (Old Town &amp; Oktoberfest)<\/h3>\n\t\t\t\t\t\t<\/div>\n\t\t\t\t\t<\/article>\n\t\t\t\t<\/a>\n\t\t\t\t<a class=\"no-underline\" href=\"https:\/\/muctours.de\/en\/tour\/cocktail-tour-munich-discover-munichs-best-bars\/\">\n\t\t\t\t\t<article class=\"group mx-auto flex h-full flex-col overflow-hidden rounded-md\">\n\t\t\t\t\t\t\t<div class=\"h-44 overflow-hidden md:h-64\">\n\t\t\t\t\t\t\t\t<img loading=\"lazy\" decoding=\"async\" width=\"300\" height=\"217\" src=\"https:\/\/muctours.de\/wp-content\/uploads\/2025\/02\/BarTour-Cocktailtour-MucTours-300x217.jpg\" class=\"m-0 size-full object-cover transition duration-700 ease-out group-hover:scale-105\" alt=\"Bar-Touren und Cocktailtouren von MucTours\" srcset=\"https:\/\/muctours.de\/wp-content\/uploads\/2025\/02\/BarTour-Cocktailtour-MucTours-300x217.jpg 300w, https:\/\/muctours.de\/wp-content\/uploads\/2025\/02\/BarTour-Cocktailtour-MucTours-1024x740.jpg 1024w, https:\/\/muctours.de\/wp-content\/uploads\/2025\/02\/BarTour-Cocktailtour-MucTours-768x555.jpg 768w, https:\/\/muctours.de\/wp-content\/uploads\/2025\/02\/BarTour-Cocktailtour-MucTours.jpg 1107w\" sizes=\"auto, (max-width: 300px) 100vw, 300px\" \/>\t\t\t\t\t\t\t<\/div>\n\t\t\t\t\t\t<div class=\"grow p-6 bg-card-background\">\n\t\t\t\t\t\t\t<h3 class=\"m-0 text-center\">Cocktail tour Munich: Discover Munich&#8217;s best bars<\/h3>\n\t\t\t\t\t\t<\/div>\n\t\t\t\t\t<\/article>\n\t\t\t\t<\/a>\n\t\t\t\t<a class=\"no-underline\" href=\"https:\/\/muctours.de\/en\/tour\/gluehwaechter-tour-historic-night-watchman-tour-with-mulled-wine\/\">\n\t\t\t\t\t<article class=\"group mx-auto flex h-full flex-col overflow-hidden rounded-md\">\n\t\t\t\t\t\t\t<div class=\"h-44 overflow-hidden md:h-64\">\n\t\t\t\t\t\t\t\t<img loading=\"lazy\" decoding=\"async\" width=\"300\" height=\"248\" src=\"https:\/\/muctours.de\/wp-content\/uploads\/2025\/02\/guehwaechter-tour-2025-300x248.jpg\" class=\"m-0 size-full object-cover transition duration-700 ease-out group-hover:scale-105\" alt=\"Ein Gl\u00fchw\u00e4chter ist ein Nachtw\u00e4chtern mit Gl\u00fchwein in der Altstadt von M\u00fcnchen.\" srcset=\"https:\/\/muctours.de\/wp-content\/uploads\/2025\/02\/guehwaechter-tour-2025-300x248.jpg 300w, https:\/\/muctours.de\/wp-content\/uploads\/2025\/02\/guehwaechter-tour-2025-1024x847.jpg 1024w, https:\/\/muctours.de\/wp-content\/uploads\/2025\/02\/guehwaechter-tour-2025-768x635.jpg 768w, https:\/\/muctours.de\/wp-content\/uploads\/2025\/02\/guehwaechter-tour-2025.jpg 1200w\" sizes=\"auto, (max-width: 300px) 100vw, 300px\" \/>\t\t\t\t\t\t\t<\/div>\n\t\t\t\t\t\t<div class=\"grow p-6 bg-card-background\">\n\t\t\t\t\t\t\t<h3 class=\"m-0 text-center\">Gl\u00fchw\u00e4chter tour: Historic night watchman tour with mulled wine<\/h3>\n\t\t\t\t\t\t<\/div>\n\t\t\t\t\t<\/article>\n\t\t\t\t<\/a>\n\t\t\t\t<a class=\"no-underline\" href=\"https:\/\/muctours.de\/en\/tour\/olympic-tour-rock-stars-in-the-park\/\">\n\t\t\t\t\t<article class=\"group mx-auto flex h-full flex-col overflow-hidden rounded-md\">\n\t\t\t\t\t\t\t<div class=\"h-44 overflow-hidden md:h-64\">\n\t\t\t\t\t\t\t\t<img loading=\"lazy\" decoding=\"async\" width=\"300\" height=\"211\" src=\"https:\/\/muctours.de\/wp-content\/uploads\/2025\/02\/Olympia-72-Muenchen-300x211.png\" class=\"m-0 size-full object-cover transition duration-700 ease-out group-hover:scale-105\" alt=\"Olympia 1972 in M\u00fcnchen\" srcset=\"https:\/\/muctours.de\/wp-content\/uploads\/2025\/02\/Olympia-72-Muenchen-300x211.png 300w, https:\/\/muctours.de\/wp-content\/uploads\/2025\/02\/Olympia-72-Muenchen-1024x722.png 1024w, https:\/\/muctours.de\/wp-content\/uploads\/2025\/02\/Olympia-72-Muenchen-768x541.png 768w, https:\/\/muctours.de\/wp-content\/uploads\/2025\/02\/Olympia-72-Muenchen-1536x1082.png 1536w, https:\/\/muctours.de\/wp-content\/uploads\/2025\/02\/Olympia-72-Muenchen-2048x1443.png 2048w\" sizes=\"auto, (max-width: 300px) 100vw, 300px\" \/>\t\t\t\t\t\t\t<\/div>\n\t\t\t\t\t\t<div class=\"grow p-6 bg-card-background\">\n\t\t\t\t\t\t\t<h3 class=\"m-0 text-center\">Olympic tour: rock stars in the park<\/h3>\n\t\t\t\t\t\t<\/div>\n\t\t\t\t\t<\/article>\n\t\t\t\t<\/a>\n\t\t\t\t<a class=\"no-underline\" href=\"https:\/\/muctours.de\/en\/tour\/queen-tour-freddie-mercury-tour-munich-2\/\">\n\t\t\t\t\t<article class=\"group mx-auto flex h-full flex-col overflow-hidden rounded-md\">\n\t\t\t\t\t\t\t<div class=\"h-44 overflow-hidden md:h-64\">\n\t\t\t\t\t\t\t\t<img loading=\"lazy\" decoding=\"async\" width=\"300\" height=\"300\" src=\"https:\/\/muctours.de\/wp-content\/uploads\/2025\/01\/Queen-Tour-Freddie-Mercury-Tour-MucTours-300x300.jpg\" class=\"m-0 size-full object-cover transition duration-700 ease-out group-hover:scale-105\" alt=\"\" srcset=\"https:\/\/muctours.de\/wp-content\/uploads\/2025\/01\/Queen-Tour-Freddie-Mercury-Tour-MucTours-300x300.jpg 300w, https:\/\/muctours.de\/wp-content\/uploads\/2025\/01\/Queen-Tour-Freddie-Mercury-Tour-MucTours-1024x1024.jpg 1024w, https:\/\/muctours.de\/wp-content\/uploads\/2025\/01\/Queen-Tour-Freddie-Mercury-Tour-MucTours-150x150.jpg 150w, https:\/\/muctours.de\/wp-content\/uploads\/2025\/01\/Queen-Tour-Freddie-Mercury-Tour-MucTours-768x768.jpg 768w, https:\/\/muctours.de\/wp-content\/uploads\/2025\/01\/Queen-Tour-Freddie-Mercury-Tour-MucTours.jpg 1240w\" sizes=\"auto, (max-width: 300px) 100vw, 300px\" \/>\t\t\t\t\t\t\t<\/div>\n\t\t\t\t\t\t<div class=\"grow p-6 bg-card-background\">\n\t\t\t\t\t\t\t<h3 class=\"m-0 text-center\">Queen Tour \/ Freddie Mercury Tour Munich<\/h3>\n\t\t\t\t\t\t<\/div>\n\t\t\t\t\t<\/article>\n\t\t\t\t<\/a>\n\t\t\t\t<a class=\"no-underline\" href=\"https:\/\/muctours.de\/en\/tour\/queen-tour-freddie-mercury-tour-munich\/\">\n\t\t\t\t\t<article class=\"group mx-auto flex h-full flex-col overflow-hidden rounded-md\">\n\t\t\t\t\t\t\t<div class=\"h-44 overflow-hidden md:h-64\">\n\t\t\t\t\t\t\t\t<img loading=\"lazy\" decoding=\"async\" width=\"300\" height=\"300\" src=\"https:\/\/muctours.de\/wp-content\/uploads\/2025\/01\/Queen-Tour-Freddie-Mercury-Tour-MucTours-300x300.jpg\" class=\"m-0 size-full object-cover transition duration-700 ease-out group-hover:scale-105\" alt=\"\" srcset=\"https:\/\/muctours.de\/wp-content\/uploads\/2025\/01\/Queen-Tour-Freddie-Mercury-Tour-MucTours-300x300.jpg 300w, https:\/\/muctours.de\/wp-content\/uploads\/2025\/01\/Queen-Tour-Freddie-Mercury-Tour-MucTours-1024x1024.jpg 1024w, https:\/\/muctours.de\/wp-content\/uploads\/2025\/01\/Queen-Tour-Freddie-Mercury-Tour-MucTours-150x150.jpg 150w, https:\/\/muctours.de\/wp-content\/uploads\/2025\/01\/Queen-Tour-Freddie-Mercury-Tour-MucTours-768x768.jpg 768w, https:\/\/muctours.de\/wp-content\/uploads\/2025\/01\/Queen-Tour-Freddie-Mercury-Tour-MucTours.jpg 1240w\" sizes=\"auto, (max-width: 300px) 100vw, 300px\" \/>\t\t\t\t\t\t\t<\/div>\n\t\t\t\t\t\t<div class=\"grow p-6 bg-card-background\">\n\t\t\t\t\t\t\t<h3 class=\"m-0 text-center\">Queen Tour \/ Freddie Mercury Tour Munich<\/h3>\n\t\t\t\t\t\t<\/div>\n\t\t\t\t\t<\/article>\n\t\t\t\t<\/a>\n\t\t\t\t<a class=\"no-underline\" href=\"https:\/\/muctours.de\/en\/tour\/schickeria-schwabing-tour-munich-schwabing-adventure-tour\/\">\n\t\t\t\t\t<article class=\"group mx-auto flex h-full flex-col overflow-hidden rounded-md\">\n\t\t\t\t\t\t\t<div class=\"h-44 overflow-hidden md:h-64\">\n\t\t\t\t\t\t\t\t<img loading=\"lazy\" decoding=\"async\" width=\"300\" height=\"169\" src=\"https:\/\/muctours.de\/wp-content\/uploads\/2025\/11\/Schickeria-Monaco-Franze-quer-300x169.jpg\" class=\"m-0 size-full object-cover transition duration-700 ease-out group-hover:scale-105\" alt=\"Schickeria, Monaco Franze und die Szene der 80er\" srcset=\"https:\/\/muctours.de\/wp-content\/uploads\/2025\/11\/Schickeria-Monaco-Franze-quer-300x169.jpg 300w, https:\/\/muctours.de\/wp-content\/uploads\/2025\/11\/Schickeria-Monaco-Franze-quer-1024x576.jpg 1024w, https:\/\/muctours.de\/wp-content\/uploads\/2025\/11\/Schickeria-Monaco-Franze-quer-768x432.jpg 768w, https:\/\/muctours.de\/wp-content\/uploads\/2025\/11\/Schickeria-Monaco-Franze-quer-1536x864.jpg 1536w, https:\/\/muctours.de\/wp-content\/uploads\/2025\/11\/Schickeria-Monaco-Franze-quer.jpg 1920w\" sizes=\"auto, (max-width: 300px) 100vw, 300px\" \/>\t\t\t\t\t\t\t<\/div>\n\t\t\t\t\t\t<div class=\"grow p-6 bg-card-background\">\n\t\t\t\t\t\t\t<h3 class=\"m-0 text-center\">Schickeria Schwabing Tour (Munich Schwabing adventure tour)<\/h3>\n\t\t\t\t\t\t<\/div>\n\t\t\t\t\t<\/article>\n\t\t\t\t<\/a>\n\t\t\t\t<a class=\"no-underline\" href=\"https:\/\/muctours.de\/en\/tour\/wine-tour-munich-wine-tasting-munich\/\">\n\t\t\t\t\t<article class=\"group mx-auto flex h-full flex-col overflow-hidden rounded-md\">\n\t\t\t\t\t\t\t<div class=\"h-44 overflow-hidden md:h-64\">\n\t\t\t\t\t\t\t\t<img loading=\"lazy\" decoding=\"async\" width=\"300\" height=\"193\" src=\"https:\/\/muctours.de\/wp-content\/uploads\/2025\/01\/MucTours-WEIN-MOMENT-Garibaldi-768x495-1-300x193.jpg\" class=\"m-0 size-full object-cover transition duration-700 ease-out group-hover:scale-105\" alt=\"\" srcset=\"https:\/\/muctours.de\/wp-content\/uploads\/2025\/01\/MucTours-WEIN-MOMENT-Garibaldi-768x495-1-300x193.jpg 300w, https:\/\/muctours.de\/wp-content\/uploads\/2025\/01\/MucTours-WEIN-MOMENT-Garibaldi-768x495-1.jpg 768w\" sizes=\"auto, (max-width: 300px) 100vw, 300px\" \/>\t\t\t\t\t\t\t<\/div>\n\t\t\t\t\t\t<div class=\"grow p-6 bg-card-background\">\n\t\t\t\t\t\t\t<h3 class=\"m-0 text-center\">Wine Tour Munich: Wine Tasting Munich MucTours &#8211; Your Local Guide<\/h3>\n\t\t\t\t\t\t<\/div>\n\t\t\t\t\t<\/article>\n\t\t\t\t<\/a>\n\t\t<\/div>\n<\/div>\n<div style=\"height:100px\" aria-hidden=\"true\" class=\"wp-block-spacer\"><\/div>\n","protected":false},"excerpt":{"rendered":"<p>Find your favorite tour DISCOVER MUNICH WITH US<\/p>\n","protected":false},"author":1,"featured_media":0,"parent":0,"menu_order":0,"comment_status":"closed","ping_status":"closed","template":"","meta":{"_acf_changed":false,"ghostkit_customizer_options":"","ghostkit_custom_css":"","ghostkit_custom_js_head":"","ghostkit_custom_js_foot":"","ghostkit_typography":"","footnotes":""},"class_list":["post-1430","page","type-page","status-publish","hentry"],"acf":[],"yoast_head":"<!-- This site is optimized with the Yoast SEO plugin v27.2 - https:\/\/yoast.com\/product\/yoast-seo-wordpress\/ -->\n<title>Tours - MucTours \u2013 Your local Guides<\/title>\n<meta name=\"robots\" content=\"index, follow, max-snippet:-1, max-image-preview:large, max-video-preview:-1\" \/>\n<link rel=\"canonical\" href=\"https:\/\/muctours.de\/tour\/\" \/>\n<meta property=\"og:locale\" content=\"en_US\" \/>\n<meta property=\"og:type\" content=\"article\" \/>\n<meta property=\"og:title\" content=\"Tours - MucTours \u2013 Your local Guides\" \/>\n<meta property=\"og:description\" content=\"Find your favorite tour DISCOVER MUNICH WITH US\" \/>\n<meta property=\"og:url\" content=\"https:\/\/muctours.de\/tour\/\" \/>\n<meta property=\"og:site_name\" content=\"MucTours \u2013 Your local Guides\" \/>\n<meta property=\"article:modified_time\" content=\"2025-04-23T13:31:54+00:00\" \/>\n<meta name=\"twitter:card\" content=\"summary_large_image\" \/>\n<script type=\"application\/ld+json\" class=\"yoast-schema-graph\">{\"@context\":\"https:\/\/schema.org\",\"@graph\":[{\"@type\":\"WebPage\",\"@id\":\"https:\/\/muctours.de\/tour\/\",\"url\":\"https:\/\/muctours.de\/tour\/\",\"name\":\"Tours - MucTours \u2013 Your local Guides\",\"isPartOf\":{\"@id\":\"https:\/\/muctours.de\/#website\"},\"datePublished\":\"2025-04-09T09:19:48+00:00\",\"dateModified\":\"2025-04-23T13:31:54+00:00\",\"breadcrumb\":{\"@id\":\"https:\/\/muctours.de\/tour\/#breadcrumb\"},\"inLanguage\":\"en-US\",\"potentialAction\":[{\"@type\":\"ReadAction\",\"target\":[\"https:\/\/muctours.de\/tour\/\"]}]},{\"@type\":\"BreadcrumbList\",\"@id\":\"https:\/\/muctours.de\/tour\/#breadcrumb\",\"itemListElement\":[{\"@type\":\"ListItem\",\"position\":1,\"name\":\"Startseite\",\"item\":\"https:\/\/muctours.de\/en\/\"},{\"@type\":\"ListItem\",\"position\":2,\"name\":\"Tours\"}]},{\"@type\":\"WebSite\",\"@id\":\"https:\/\/muctours.de\/#website\",\"url\":\"https:\/\/muctours.de\/\",\"name\":\"MucTours \u2013 Your local Guides\",\"description\":\"Erlebnistouren mit Deinen Stadtentdeckern aus M\u00fcnchen\",\"potentialAction\":[{\"@type\":\"SearchAction\",\"target\":{\"@type\":\"EntryPoint\",\"urlTemplate\":\"https:\/\/muctours.de\/?s={search_term_string}\"},\"query-input\":{\"@type\":\"PropertyValueSpecification\",\"valueRequired\":true,\"valueName\":\"search_term_string\"}}],\"inLanguage\":\"en-US\"}]}<\/script>\n<!-- \/ Yoast SEO plugin. -->","yoast_head_json":{"title":"Tours - MucTours \u2013 Your local Guides","robots":{"index":"index","follow":"follow","max-snippet":"max-snippet:-1","max-image-preview":"max-image-preview:large","max-video-preview":"max-video-preview:-1"},"canonical":"https:\/\/muctours.de\/tour\/","og_locale":"en_US","og_type":"article","og_title":"Tours - MucTours \u2013 Your local Guides","og_description":"Find your favorite tour DISCOVER MUNICH WITH US","og_url":"https:\/\/muctours.de\/tour\/","og_site_name":"MucTours \u2013 Your local Guides","article_modified_time":"2025-04-23T13:31:54+00:00","twitter_card":"summary_large_image","schema":{"@context":"https:\/\/schema.org","@graph":[{"@type":"WebPage","@id":"https:\/\/muctours.de\/tour\/","url":"https:\/\/muctours.de\/tour\/","name":"Tours - MucTours \u2013 Your local Guides","isPartOf":{"@id":"https:\/\/muctours.de\/#website"},"datePublished":"2025-04-09T09:19:48+00:00","dateModified":"2025-04-23T13:31:54+00:00","breadcrumb":{"@id":"https:\/\/muctours.de\/tour\/#breadcrumb"},"inLanguage":"en-US","potentialAction":[{"@type":"ReadAction","target":["https:\/\/muctours.de\/tour\/"]}]},{"@type":"BreadcrumbList","@id":"https:\/\/muctours.de\/tour\/#breadcrumb","itemListElement":[{"@type":"ListItem","position":1,"name":"Startseite","item":"https:\/\/muctours.de\/en\/"},{"@type":"ListItem","position":2,"name":"Tours"}]},{"@type":"WebSite","@id":"https:\/\/muctours.de\/#website","url":"https:\/\/muctours.de\/","name":"MucTours \u2013 Your local Guides","description":"Erlebnistouren mit Deinen Stadtentdeckern aus M\u00fcnchen","potentialAction":[{"@type":"SearchAction","target":{"@type":"EntryPoint","urlTemplate":"https:\/\/muctours.de\/?s={search_term_string}"},"query-input":{"@type":"PropertyValueSpecification","valueRequired":true,"valueName":"search_term_string"}}],"inLanguage":"en-US"}]}},"_links":{"self":[{"href":"https:\/\/muctours.de\/en\/wp-json\/wp\/v2\/pages\/1430","targetHints":{"allow":["GET"]}}],"collection":[{"href":"https:\/\/muctours.de\/en\/wp-json\/wp\/v2\/pages"}],"about":[{"href":"https:\/\/muctours.de\/en\/wp-json\/wp\/v2\/types\/page"}],"author":[{"embeddable":true,"href":"https:\/\/muctours.de\/en\/wp-json\/wp\/v2\/users\/1"}],"replies":[{"embeddable":true,"href":"https:\/\/muctours.de\/en\/wp-json\/wp\/v2\/comments?post=1430"}],"version-history":[{"count":0,"href":"https:\/\/muctours.de\/en\/wp-json\/wp\/v2\/pages\/1430\/revisions"}],"wp:attachment":[{"href":"https:\/\/muctours.de\/en\/wp-json\/wp\/v2\/media?parent=1430"}],"curies":[{"name":"wp","href":"https:\/\/api.w.org\/{rel}","templated":true}]}}